{"id":146,"date":"2022-11-23T11:20:16","date_gmt":"2022-11-23T04:20:16","guid":{"rendered":"http:\/\/localhost\/fundgo.network\/?page_id=146"},"modified":"2022-11-29T11:50:55","modified_gmt":"2022-11-29T04:50:55","slug":"%ec%84%a0%ec%b7%a8%ea%b6%8c-%ed%97%a4","status":"publish","type":"page","link":"https:\/\/fundgo.network\/ko\/%ec%84%a0%ec%b7%a8%ea%b6%8c-%ed%97%a4\/","title":{"rendered":"\uc5f0\ub77d"},"content":{"rendered":"","protected":false},"excerpt":{"rendered":"","protected":false},"author":1,"featured_media":13028,"parent":0,"menu_order":0,"comment_status":"closed","ping_status":"closed","template":"templates\/template-contact.php","meta":{"_acf_changed":false,"footnotes":""},"class_list":["post-146","page","type-page","status-publish","has-post-thumbnail","hentry"],"acf":[],"yoast_head":"<!-- This site is optimized with the Yoast SEO Premium plugin v24.5 (Yoast SEO v26.7) - https:\/\/yoast.com\/wordpress\/plugins\/seo\/ -->\n<title>Li\u00ean h\u1ec7 v\u1edbi ch\u00fang t\u00f4i | FUNDGO<\/title>\n<meta name=\"description\" content=\"Li\u00ean h\u1ec7 v\u1edbi ch\u00fang t\u00f4i \u0111\u1ec3 t\u00ecm ki\u1ebfm c\u01a1 h\u1ed9i ph\u00e1t tri\u1ec3n v\u00e0 ngu\u1ed3n l\u1ef1c h\u1ed7 tr\u1ee3 v\u00e0 c\u1ed1 v\u1ea5n v\u1ec1 t\u00e0i ch\u00ednh, marketing, k\u1ebft n\u1ed1i \u0111\u1ed1i t\u00e1c\" \/>\n<meta name=\"robots\" content=\"index, follow, max-snippet:-1, max-image-preview:large, max-video-preview:-1\" \/>\n<link rel=\"canonical\" href=\"https:\/\/fundgo.network\/ko\/\uc120\ucde8\uad8c-\ud5e4\/\" \/>\n<meta property=\"og:locale\" content=\"ko_KR\" \/>\n<meta property=\"og:type\" content=\"article\" \/>\n<meta property=\"og:title\" content=\"Li\u00ean h\u1ec7 v\u1edbi ch\u00fang t\u00f4i | FUNDGO\" \/>\n<meta property=\"og:description\" content=\"Li\u00ean h\u1ec7 v\u1edbi ch\u00fang t\u00f4i \u0111\u1ec3 t\u00ecm ki\u1ebfm c\u01a1 h\u1ed9i ph\u00e1t tri\u1ec3n v\u00e0 ngu\u1ed3n l\u1ef1c h\u1ed7 tr\u1ee3 v\u00e0 c\u1ed1 v\u1ea5n v\u1ec1 t\u00e0i ch\u00ednh, marketing, k\u1ebft n\u1ed1i \u0111\u1ed1i t\u00e1c\" \/>\n<meta property=\"og:url\" content=\"https:\/\/fundgo.network\/ko\/\uc120\ucde8\uad8c-\ud5e4\/\" \/>\n<meta property=\"og:site_name\" content=\"FUNDGO\" \/>\n<meta property=\"article:modified_time\" content=\"2022-11-29T04:50:55+00:00\" \/>\n<meta property=\"og:image\" content=\"https:\/\/fundgo.network\/wp-content\/uploads\/2022\/11\/Lien-he-1.jpg\" \/>\n\t<meta property=\"og:image:width\" content=\"800\" \/>\n\t<meta property=\"og:image:height\" content=\"500\" \/>\n\t<meta property=\"og:image:type\" content=\"image\/jpeg\" \/>\n<meta name=\"twitter:card\" content=\"summary_large_image\" \/>\n<meta name=\"twitter:title\" content=\"Li\u00ean h\u1ec7 v\u1edbi ch\u00fang t\u00f4i | FUNDGO\" \/>\n<meta name=\"twitter:description\" content=\"Li\u00ean h\u1ec7 v\u1edbi ch\u00fang t\u00f4i \u0111\u1ec3 t\u00ecm ki\u1ebfm c\u01a1 h\u1ed9i ph\u00e1t tri\u1ec3n v\u00e0 ngu\u1ed3n l\u1ef1c h\u1ed7 tr\u1ee3 v\u00e0 c\u1ed1 v\u1ea5n v\u1ec1 t\u00e0i ch\u00ednh, marketing, k\u1ebft n\u1ed1i \u0111\u1ed1i t\u00e1c\" \/>\n<script type=\"application\/ld+json\" class=\"yoast-schema-graph\">{\"@context\":\"https:\/\/schema.org\",\"@graph\":[{\"@type\":\"WebPage\",\"@id\":\"https:\/\/fundgo.network\/lien-he\/\",\"url\":\"https:\/\/fundgo.network\/lien-he\/\",\"name\":\"Li\u00ean h\u1ec7 v\u1edbi ch\u00fang t\u00f4i | FUNDGO\",\"isPartOf\":{\"@id\":\"https:\/\/fundgo.network\/en\/#website\"},\"primaryImageOfPage\":{\"@id\":\"https:\/\/fundgo.network\/lien-he\/#primaryimage\"},\"image\":{\"@id\":\"https:\/\/fundgo.network\/lien-he\/#primaryimage\"},\"thumbnailUrl\":\"https:\/\/fundgo.network\/wp-content\/uploads\/2022\/11\/Lien-he-1.jpg\",\"datePublished\":\"2022-11-23T04:20:16+00:00\",\"dateModified\":\"2022-11-29T04:50:55+00:00\",\"description\":\"Li\u00ean h\u1ec7 v\u1edbi ch\u00fang t\u00f4i \u0111\u1ec3 t\u00ecm ki\u1ebfm c\u01a1 h\u1ed9i ph\u00e1t tri\u1ec3n v\u00e0 ngu\u1ed3n l\u1ef1c h\u1ed7 tr\u1ee3 v\u00e0 c\u1ed1 v\u1ea5n v\u1ec1 t\u00e0i ch\u00ednh, marketing, k\u1ebft n\u1ed1i \u0111\u1ed1i t\u00e1c\",\"breadcrumb\":{\"@id\":\"https:\/\/fundgo.network\/lien-he\/#breadcrumb\"},\"inLanguage\":\"ko-KR\",\"potentialAction\":[{\"@type\":\"ReadAction\",\"target\":[\"https:\/\/fundgo.network\/lien-he\/\"]}]},{\"@type\":\"ImageObject\",\"inLanguage\":\"ko-KR\",\"@id\":\"https:\/\/fundgo.network\/lien-he\/#primaryimage\",\"url\":\"https:\/\/fundgo.network\/wp-content\/uploads\/2022\/11\/Lien-he-1.jpg\",\"contentUrl\":\"https:\/\/fundgo.network\/wp-content\/uploads\/2022\/11\/Lien-he-1.jpg\",\"width\":800,\"height\":500},{\"@type\":\"BreadcrumbList\",\"@id\":\"https:\/\/fundgo.network\/lien-he\/#breadcrumb\",\"itemListElement\":[{\"@type\":\"ListItem\",\"position\":1,\"name\":\"Home\",\"item\":\"https:\/\/fundgo.network\/\"},{\"@type\":\"ListItem\",\"position\":2,\"name\":\"Li\u00ean h\u1ec7\"}]},{\"@type\":\"WebSite\",\"@id\":\"https:\/\/fundgo.network\/en\/#website\",\"url\":\"https:\/\/fundgo.network\/en\/\",\"name\":\"FUNDGO\",\"description\":\"Kh\u1edfi nghi\u1ec7p s\u00e1ng t\u1ea1o\",\"potentialAction\":[{\"@type\":\"SearchAction\",\"target\":{\"@type\":\"EntryPoint\",\"urlTemplate\":\"https:\/\/fundgo.network\/en\/?s={search_term_string}\"},\"query-input\":{\"@type\":\"PropertyValueSpecification\",\"valueRequired\":true,\"valueName\":\"search_term_string\"}}],\"inLanguage\":\"ko-KR\"}]}<\/script>\n<!-- \/ Yoast SEO Premium plugin. -->","yoast_head_json":{"title":"\uc800\ud76c\uc5d0\uac8c \uc5f0\ub77d\ud558\uc138\uc694 | \ud380\ub4dc\uace0","description":"\uc7ac\ubb34, \ub9c8\ucf00\ud305, \ud30c\ud2b8\ub108 \uc5f0\uacb0\uc744 \uc9c0\uc6d0\ud558\uace0 \uc870\uc5b8\ud560 \uc218 \uc788\ub294 \uac1c\ubc1c \uae30\ud68c\uc640 \ub9ac\uc18c\uc2a4\ub97c \ucc3e\uc73c\ub824\uba74 \ub2f9\uc0ac\uc5d0 \ubb38\uc758\ud558\uc138\uc694.","robots":{"index":"index","follow":"follow","max-snippet":"max-snippet:-1","max-image-preview":"max-image-preview:large","max-video-preview":"max-video-preview:-1"},"canonical":"https:\/\/fundgo.network\/ko\/\uc120\ucde8\uad8c-\ud5e4\/","og_locale":"ko_KR","og_type":"article","og_title":"Li\u00ean h\u1ec7 v\u1edbi ch\u00fang t\u00f4i | FUNDGO","og_description":"Li\u00ean h\u1ec7 v\u1edbi ch\u00fang t\u00f4i \u0111\u1ec3 t\u00ecm ki\u1ebfm c\u01a1 h\u1ed9i ph\u00e1t tri\u1ec3n v\u00e0 ngu\u1ed3n l\u1ef1c h\u1ed7 tr\u1ee3 v\u00e0 c\u1ed1 v\u1ea5n v\u1ec1 t\u00e0i ch\u00ednh, marketing, k\u1ebft n\u1ed1i \u0111\u1ed1i t\u00e1c","og_url":"https:\/\/fundgo.network\/ko\/\uc120\ucde8\uad8c-\ud5e4\/","og_site_name":"FUNDGO","article_modified_time":"2022-11-29T04:50:55+00:00","og_image":[{"width":800,"height":500,"url":"https:\/\/fundgo.network\/wp-content\/uploads\/2022\/11\/Lien-he-1.jpg","type":"image\/jpeg"}],"twitter_card":"summary_large_image","twitter_title":"Li\u00ean h\u1ec7 v\u1edbi ch\u00fang t\u00f4i | FUNDGO","twitter_description":"Li\u00ean h\u1ec7 v\u1edbi ch\u00fang t\u00f4i \u0111\u1ec3 t\u00ecm ki\u1ebfm c\u01a1 h\u1ed9i ph\u00e1t tri\u1ec3n v\u00e0 ngu\u1ed3n l\u1ef1c h\u1ed7 tr\u1ee3 v\u00e0 c\u1ed1 v\u1ea5n v\u1ec1 t\u00e0i ch\u00ednh, marketing, k\u1ebft n\u1ed1i \u0111\u1ed1i t\u00e1c","schema":{"@context":"https:\/\/schema.org","@graph":[{"@type":"WebPage","@id":"https:\/\/fundgo.network\/lien-he\/","url":"https:\/\/fundgo.network\/lien-he\/","name":"\uc800\ud76c\uc5d0\uac8c \uc5f0\ub77d\ud558\uc138\uc694 | \ud380\ub4dc\uace0","isPartOf":{"@id":"https:\/\/fundgo.network\/en\/#website"},"primaryImageOfPage":{"@id":"https:\/\/fundgo.network\/lien-he\/#primaryimage"},"image":{"@id":"https:\/\/fundgo.network\/lien-he\/#primaryimage"},"thumbnailUrl":"https:\/\/fundgo.network\/wp-content\/uploads\/2022\/11\/Lien-he-1.jpg","datePublished":"2022-11-23T04:20:16+00:00","dateModified":"2022-11-29T04:50:55+00:00","description":"\uc7ac\ubb34, \ub9c8\ucf00\ud305, \ud30c\ud2b8\ub108 \uc5f0\uacb0\uc744 \uc9c0\uc6d0\ud558\uace0 \uc870\uc5b8\ud560 \uc218 \uc788\ub294 \uac1c\ubc1c \uae30\ud68c\uc640 \ub9ac\uc18c\uc2a4\ub97c \ucc3e\uc73c\ub824\uba74 \ub2f9\uc0ac\uc5d0 \ubb38\uc758\ud558\uc138\uc694.","breadcrumb":{"@id":"https:\/\/fundgo.network\/lien-he\/#breadcrumb"},"inLanguage":"ko-KR","potentialAction":[{"@type":"ReadAction","target":["https:\/\/fundgo.network\/lien-he\/"]}]},{"@type":"ImageObject","inLanguage":"ko-KR","@id":"https:\/\/fundgo.network\/lien-he\/#primaryimage","url":"https:\/\/fundgo.network\/wp-content\/uploads\/2022\/11\/Lien-he-1.jpg","contentUrl":"https:\/\/fundgo.network\/wp-content\/uploads\/2022\/11\/Lien-he-1.jpg","width":800,"height":500},{"@type":"BreadcrumbList","@id":"https:\/\/fundgo.network\/lien-he\/#breadcrumb","itemListElement":[{"@type":"ListItem","position":1,"name":"Home","item":"https:\/\/fundgo.network\/"},{"@type":"ListItem","position":2,"name":"Li\u00ean h\u1ec7"}]},{"@type":"WebSite","@id":"https:\/\/fundgo.network\/en\/#website","url":"https:\/\/fundgo.network\/en\/","name":"FUNDGO","description":"\ucc3d\uc758\uc801\uc778 \uc2a4\ud0c0\ud2b8\uc5c5","potentialAction":[{"@type":"SearchAction","target":{"@type":"EntryPoint","urlTemplate":"https:\/\/fundgo.network\/en\/?s={search_term_string}"},"query-input":{"@type":"PropertyValueSpecification","valueRequired":true,"valueName":"search_term_string"}}],"inLanguage":"ko-KR"}]}},"_links":{"self":[{"href":"https:\/\/fundgo.network\/ko\/wp-json\/wp\/v2\/pages\/146","targetHints":{"allow":["GET"]}}],"collection":[{"href":"https:\/\/fundgo.network\/ko\/wp-json\/wp\/v2\/pages"}],"about":[{"href":"https:\/\/fundgo.network\/ko\/wp-json\/wp\/v2\/types\/page"}],"author":[{"embeddable":true,"href":"https:\/\/fundgo.network\/ko\/wp-json\/wp\/v2\/users\/1"}],"replies":[{"embeddable":true,"href":"https:\/\/fundgo.network\/ko\/wp-json\/wp\/v2\/comments?post=146"}],"version-history":[{"count":0,"href":"https:\/\/fundgo.network\/ko\/wp-json\/wp\/v2\/pages\/146\/revisions"}],"wp:featuredmedia":[{"embeddable":true,"href":"https:\/\/fundgo.network\/ko\/wp-json\/wp\/v2\/media\/13028"}],"wp:attachment":[{"href":"https:\/\/fundgo.network\/ko\/wp-json\/wp\/v2\/media?parent=146"}],"curies":[{"name":"\uc6cc\ub4dc\ud504\ub808\uc2a4","href":"https:\/\/api.w.org\/{rel}","templated":true}]}}