{"id":130,"date":"2022-11-23T11:18:05","date_gmt":"2022-11-23T04:18:05","guid":{"rendered":"http:\/\/localhost\/fundgo.network\/?page_id=130"},"modified":"2022-11-29T11:38:54","modified_gmt":"2022-11-29T04:38:54","slug":"%eb%b8%8c%eb%9e%9c%eb%94%a9-%ed%82%a4%ed%8a%b8","status":"publish","type":"page","link":"https:\/\/fundgo.network\/ko\/%eb%b8%8c%eb%9e%9c%eb%94%a9-%ed%82%a4%ed%8a%b8\/","title":{"rendered":"\ube0c\ub79c\ub529 \ud0a4\ud2b8"},"content":{"rendered":"","protected":false},"excerpt":{"rendered":"","protected":false},"author":1,"featured_media":13022,"parent":0,"menu_order":0,"comment_status":"closed","ping_status":"closed","template":"templates\/template-branding-kit.php","meta":{"_acf_changed":false,"footnotes":""},"class_list":["post-130","page","type-page","status-publish","has-post-thumbnail","hentry"],"acf":[],"yoast_head":"<!-- This site is optimized with the Yoast SEO Premium plugin v24.5 (Yoast SEO v26.7) - https:\/\/yoast.com\/wordpress\/plugins\/seo\/ -->\n<title>Branding Kit | FUNDGO<\/title>\n<meta name=\"description\" content=\"\u0110\u1ec3 s\u1eed d\u1ee5ng th\u01b0\u01a1ng hi\u1ec7u c\u1ee7a FUNDGO vui l\u00f2ng li\u00ean h\u1ec7 v\u1edbi ch\u00fang t\u00f4i t\u1ea1i info@fundgo.network \u0111\u1ec3 nh\u1eadn m\u1ed9t s\u1ed1 nguy\u00ean t\u1eafc khi b\u1ea1n s\u1eed d\u1ee5ng m\u00e0 kh\u00f4ng c\u1ea7n ph\u1ea3i th\u01b0\u01a1ng l\u01b0\u1ee3ng c\u00e1c th\u1ecfa thu\u1eadn ph\u00e1p l\u00fd n\u00e0o.\" \/>\n<meta name=\"robots\" content=\"index, follow, max-snippet:-1, max-image-preview:large, max-video-preview:-1\" \/>\n<link rel=\"canonical\" href=\"https:\/\/fundgo.network\/ko\/\ube0c\ub79c\ub529-\ud0a4\ud2b8\/\" \/>\n<meta property=\"og:locale\" content=\"ko_KR\" \/>\n<meta property=\"og:type\" content=\"article\" \/>\n<meta property=\"og:title\" content=\"Branding Kit | FUNDGO\" \/>\n<meta property=\"og:description\" content=\"\u0110\u1ec3 s\u1eed d\u1ee5ng th\u01b0\u01a1ng hi\u1ec7u c\u1ee7a FUNDGO vui l\u00f2ng li\u00ean h\u1ec7 v\u1edbi ch\u00fang t\u00f4i t\u1ea1i info@fundgo.network \u0111\u1ec3 nh\u1eadn m\u1ed9t s\u1ed1 nguy\u00ean t\u1eafc khi b\u1ea1n s\u1eed d\u1ee5ng m\u00e0 kh\u00f4ng c\u1ea7n ph\u1ea3i th\u01b0\u01a1ng l\u01b0\u1ee3ng c\u00e1c th\u1ecfa thu\u1eadn ph\u00e1p l\u00fd n\u00e0o.\" \/>\n<meta property=\"og:url\" content=\"https:\/\/fundgo.network\/ko\/\ube0c\ub79c\ub529-\ud0a4\ud2b8\/\" \/>\n<meta property=\"og:site_name\" content=\"FUNDGO\" \/>\n<meta property=\"article:modified_time\" content=\"2022-11-29T04:38:54+00:00\" \/>\n<meta property=\"og:image\" content=\"https:\/\/fundgo.network\/wp-content\/uploads\/2022\/11\/Nhan-dien-thuong-hieu-2.jpg\" \/>\n\t<meta property=\"og:image:width\" content=\"800\" \/>\n\t<meta property=\"og:image:height\" content=\"500\" \/>\n\t<meta property=\"og:image:type\" content=\"image\/jpeg\" \/>\n<meta name=\"twitter:card\" content=\"summary_large_image\" \/>\n<meta name=\"twitter:title\" content=\"Branding Kit | FUNDGO\" \/>\n<meta name=\"twitter:description\" content=\"\u0110\u1ec3 s\u1eed d\u1ee5ng th\u01b0\u01a1ng hi\u1ec7u c\u1ee7a FUNDGO vui l\u00f2ng li\u00ean h\u1ec7 v\u1edbi ch\u00fang t\u00f4i t\u1ea1i info@fundgo.network \u0111\u1ec3 nh\u1eadn m\u1ed9t s\u1ed1 nguy\u00ean t\u1eafc khi b\u1ea1n s\u1eed d\u1ee5ng m\u00e0 kh\u00f4ng c\u1ea7n ph\u1ea3i th\u01b0\u01a1ng l\u01b0\u1ee3ng c\u00e1c th\u1ecfa thu\u1eadn ph\u00e1p l\u00fd n\u00e0o.\" \/>\n<script type=\"application\/ld+json\" class=\"yoast-schema-graph\">{\"@context\":\"https:\/\/schema.org\",\"@graph\":[{\"@type\":\"WebPage\",\"@id\":\"https:\/\/fundgo.network\/branding-kit\/\",\"url\":\"https:\/\/fundgo.network\/branding-kit\/\",\"name\":\"Branding Kit | FUNDGO\",\"isPartOf\":{\"@id\":\"https:\/\/fundgo.network\/en\/#website\"},\"primaryImageOfPage\":{\"@id\":\"https:\/\/fundgo.network\/branding-kit\/#primaryimage\"},\"image\":{\"@id\":\"https:\/\/fundgo.network\/branding-kit\/#primaryimage\"},\"thumbnailUrl\":\"https:\/\/fundgo.network\/wp-content\/uploads\/2022\/11\/Nhan-dien-thuong-hieu-2.jpg\",\"datePublished\":\"2022-11-23T04:18:05+00:00\",\"dateModified\":\"2022-11-29T04:38:54+00:00\",\"description\":\"\u0110\u1ec3 s\u1eed d\u1ee5ng th\u01b0\u01a1ng hi\u1ec7u c\u1ee7a FUNDGO vui l\u00f2ng li\u00ean h\u1ec7 v\u1edbi ch\u00fang t\u00f4i t\u1ea1i info@fundgo.network \u0111\u1ec3 nh\u1eadn m\u1ed9t s\u1ed1 nguy\u00ean t\u1eafc khi b\u1ea1n s\u1eed d\u1ee5ng m\u00e0 kh\u00f4ng c\u1ea7n ph\u1ea3i th\u01b0\u01a1ng l\u01b0\u1ee3ng c\u00e1c th\u1ecfa thu\u1eadn ph\u00e1p l\u00fd n\u00e0o.\",\"breadcrumb\":{\"@id\":\"https:\/\/fundgo.network\/branding-kit\/#breadcrumb\"},\"inLanguage\":\"ko-KR\",\"potentialAction\":[{\"@type\":\"ReadAction\",\"target\":[\"https:\/\/fundgo.network\/branding-kit\/\"]}]},{\"@type\":\"ImageObject\",\"inLanguage\":\"ko-KR\",\"@id\":\"https:\/\/fundgo.network\/branding-kit\/#primaryimage\",\"url\":\"https:\/\/fundgo.network\/wp-content\/uploads\/2022\/11\/Nhan-dien-thuong-hieu-2.jpg\",\"contentUrl\":\"https:\/\/fundgo.network\/wp-content\/uploads\/2022\/11\/Nhan-dien-thuong-hieu-2.jpg\",\"width\":800,\"height\":500},{\"@type\":\"BreadcrumbList\",\"@id\":\"https:\/\/fundgo.network\/branding-kit\/#breadcrumb\",\"itemListElement\":[{\"@type\":\"ListItem\",\"position\":1,\"name\":\"Home\",\"item\":\"https:\/\/fundgo.network\/\"},{\"@type\":\"ListItem\",\"position\":2,\"name\":\"Branding kit\"}]},{\"@type\":\"WebSite\",\"@id\":\"https:\/\/fundgo.network\/en\/#website\",\"url\":\"https:\/\/fundgo.network\/en\/\",\"name\":\"FUNDGO\",\"description\":\"Kh\u1edfi nghi\u1ec7p s\u00e1ng t\u1ea1o\",\"potentialAction\":[{\"@type\":\"SearchAction\",\"target\":{\"@type\":\"EntryPoint\",\"urlTemplate\":\"https:\/\/fundgo.network\/en\/?s={search_term_string}\"},\"query-input\":{\"@type\":\"PropertyValueSpecification\",\"valueRequired\":true,\"valueName\":\"search_term_string\"}}],\"inLanguage\":\"ko-KR\"}]}<\/script>\n<!-- \/ Yoast SEO Premium plugin. -->","yoast_head_json":{"title":"\ube0c\ub79c\ub529 \ud0a4\ud2b8 | \ud380\ub4dc\uace0","description":"FUNDGO\uc758 \uc0c1\ud45c\ub97c \uc0ac\uc6a9\ud558\ub824\uba74 info@fundgo.network\ub85c \ubb38\uc758\ud558\uc5ec \ubc95\uc801 \uacc4\uc57d\uc744 \ud611\uc0c1\ud560 \ud544\uc694 \uc5c6\uc774 \uc0ac\uc6a9\uc5d0 \ub300\ud55c \uba87 \uac00\uc9c0 \uc9c0\uce68\uc744 \ubc1b\uc73c\uc2ed\uc2dc\uc624.","robots":{"index":"index","follow":"follow","max-snippet":"max-snippet:-1","max-image-preview":"max-image-preview:large","max-video-preview":"max-video-preview:-1"},"canonical":"https:\/\/fundgo.network\/ko\/\ube0c\ub79c\ub529-\ud0a4\ud2b8\/","og_locale":"ko_KR","og_type":"article","og_title":"Branding Kit | FUNDGO","og_description":"\u0110\u1ec3 s\u1eed d\u1ee5ng th\u01b0\u01a1ng hi\u1ec7u c\u1ee7a FUNDGO vui l\u00f2ng li\u00ean h\u1ec7 v\u1edbi ch\u00fang t\u00f4i t\u1ea1i info@fundgo.network \u0111\u1ec3 nh\u1eadn m\u1ed9t s\u1ed1 nguy\u00ean t\u1eafc khi b\u1ea1n s\u1eed d\u1ee5ng m\u00e0 kh\u00f4ng c\u1ea7n ph\u1ea3i th\u01b0\u01a1ng l\u01b0\u1ee3ng c\u00e1c th\u1ecfa thu\u1eadn ph\u00e1p l\u00fd n\u00e0o.","og_url":"https:\/\/fundgo.network\/ko\/\ube0c\ub79c\ub529-\ud0a4\ud2b8\/","og_site_name":"FUNDGO","article_modified_time":"2022-11-29T04:38:54+00:00","og_image":[{"width":800,"height":500,"url":"https:\/\/fundgo.network\/wp-content\/uploads\/2022\/11\/Nhan-dien-thuong-hieu-2.jpg","type":"image\/jpeg"}],"twitter_card":"summary_large_image","twitter_title":"Branding Kit | FUNDGO","twitter_description":"\u0110\u1ec3 s\u1eed d\u1ee5ng th\u01b0\u01a1ng hi\u1ec7u c\u1ee7a FUNDGO vui l\u00f2ng li\u00ean h\u1ec7 v\u1edbi ch\u00fang t\u00f4i t\u1ea1i info@fundgo.network \u0111\u1ec3 nh\u1eadn m\u1ed9t s\u1ed1 nguy\u00ean t\u1eafc khi b\u1ea1n s\u1eed d\u1ee5ng m\u00e0 kh\u00f4ng c\u1ea7n ph\u1ea3i th\u01b0\u01a1ng l\u01b0\u1ee3ng c\u00e1c th\u1ecfa thu\u1eadn ph\u00e1p l\u00fd n\u00e0o.","schema":{"@context":"https:\/\/schema.org","@graph":[{"@type":"WebPage","@id":"https:\/\/fundgo.network\/branding-kit\/","url":"https:\/\/fundgo.network\/branding-kit\/","name":"\ube0c\ub79c\ub529 \ud0a4\ud2b8 | \ud380\ub4dc\uace0","isPartOf":{"@id":"https:\/\/fundgo.network\/en\/#website"},"primaryImageOfPage":{"@id":"https:\/\/fundgo.network\/branding-kit\/#primaryimage"},"image":{"@id":"https:\/\/fundgo.network\/branding-kit\/#primaryimage"},"thumbnailUrl":"https:\/\/fundgo.network\/wp-content\/uploads\/2022\/11\/Nhan-dien-thuong-hieu-2.jpg","datePublished":"2022-11-23T04:18:05+00:00","dateModified":"2022-11-29T04:38:54+00:00","description":"FUNDGO\uc758 \uc0c1\ud45c\ub97c \uc0ac\uc6a9\ud558\ub824\uba74 info@fundgo.network\ub85c \ubb38\uc758\ud558\uc5ec \ubc95\uc801 \uacc4\uc57d\uc744 \ud611\uc0c1\ud560 \ud544\uc694 \uc5c6\uc774 \uc0ac\uc6a9\uc5d0 \ub300\ud55c \uba87 \uac00\uc9c0 \uc9c0\uce68\uc744 \ubc1b\uc73c\uc2ed\uc2dc\uc624.","breadcrumb":{"@id":"https:\/\/fundgo.network\/branding-kit\/#breadcrumb"},"inLanguage":"ko-KR","potentialAction":[{"@type":"ReadAction","target":["https:\/\/fundgo.network\/branding-kit\/"]}]},{"@type":"ImageObject","inLanguage":"ko-KR","@id":"https:\/\/fundgo.network\/branding-kit\/#primaryimage","url":"https:\/\/fundgo.network\/wp-content\/uploads\/2022\/11\/Nhan-dien-thuong-hieu-2.jpg","contentUrl":"https:\/\/fundgo.network\/wp-content\/uploads\/2022\/11\/Nhan-dien-thuong-hieu-2.jpg","width":800,"height":500},{"@type":"BreadcrumbList","@id":"https:\/\/fundgo.network\/branding-kit\/#breadcrumb","itemListElement":[{"@type":"ListItem","position":1,"name":"Home","item":"https:\/\/fundgo.network\/"},{"@type":"ListItem","position":2,"name":"Branding kit"}]},{"@type":"WebSite","@id":"https:\/\/fundgo.network\/en\/#website","url":"https:\/\/fundgo.network\/en\/","name":"FUNDGO","description":"\ucc3d\uc758\uc801\uc778 \uc2a4\ud0c0\ud2b8\uc5c5","potentialAction":[{"@type":"SearchAction","target":{"@type":"EntryPoint","urlTemplate":"https:\/\/fundgo.network\/en\/?s={search_term_string}"},"query-input":{"@type":"PropertyValueSpecification","valueRequired":true,"valueName":"search_term_string"}}],"inLanguage":"ko-KR"}]}},"_links":{"self":[{"href":"https:\/\/fundgo.network\/ko\/wp-json\/wp\/v2\/pages\/130","targetHints":{"allow":["GET"]}}],"collection":[{"href":"https:\/\/fundgo.network\/ko\/wp-json\/wp\/v2\/pages"}],"about":[{"href":"https:\/\/fundgo.network\/ko\/wp-json\/wp\/v2\/types\/page"}],"author":[{"embeddable":true,"href":"https:\/\/fundgo.network\/ko\/wp-json\/wp\/v2\/users\/1"}],"replies":[{"embeddable":true,"href":"https:\/\/fundgo.network\/ko\/wp-json\/wp\/v2\/comments?post=130"}],"version-history":[{"count":0,"href":"https:\/\/fundgo.network\/ko\/wp-json\/wp\/v2\/pages\/130\/revisions"}],"wp:featuredmedia":[{"embeddable":true,"href":"https:\/\/fundgo.network\/ko\/wp-json\/wp\/v2\/media\/13022"}],"wp:attachment":[{"href":"https:\/\/fundgo.network\/ko\/wp-json\/wp\/v2\/media?parent=130"}],"curies":[{"name":"\uc6cc\ub4dc\ud504\ub808\uc2a4","href":"https:\/\/api.w.org\/{rel}","templated":true}]}}