{"id":128,"date":"2022-11-23T11:17:35","date_gmt":"2022-11-23T04:17:35","guid":{"rendered":"http:\/\/localhost\/fundgo.network\/?page_id=128"},"modified":"2023-08-22T08:44:02","modified_gmt":"2023-08-22T01:44:02","slug":"%ec%a7%95%ed%9b%84%ec%99%80-%ec%a6%9d%ec%83%81","status":"publish","type":"page","link":"https:\/\/fundgo.network\/ko\/%ec%a7%95%ed%9b%84%ec%99%80-%ec%a6%9d%ec%83%81\/","title":{"rendered":"\ud380\ub4dc\uc758 \uc790\ub8cc"},"content":{"rendered":"","protected":false},"excerpt":{"rendered":"","protected":false},"author":1,"featured_media":13020,"parent":0,"menu_order":0,"comment_status":"closed","ping_status":"closed","template":"templates\/template-fund-forms-and-documents.php","meta":{"_acf_changed":false,"footnotes":""},"class_list":["post-128","page","type-page","status-publish","has-post-thumbnail","hentry"],"acf":[],"yoast_head":"<!-- This site is optimized with the Yoast SEO Premium plugin v24.5 (Yoast SEO v26.7) - https:\/\/yoast.com\/wordpress\/plugins\/seo\/ -->\n<title>Bi\u1ec3u m\u1eabu v\u00e0 t\u00e0i li\u1ec7u qu\u1ef9 | FUNDGO<\/title>\n<meta name=\"description\" content=\"FUNDGO \u0111ang h\u1ee3p t\u00e1c v\u00e0 \u0111\u1ea7u t\u01b0 \u1edf r\u1ea5t nhi\u1ec1u l\u0129nh v\u1ef1c bao g\u1ed3m t\u00e0i ch\u00ednh, c\u00f4ng ngh\u1ec7, gi\u00e1o d\u1ee5c, y t\u1ebf. B\u00ean c\u1ea1nh \u0111\u00f3, Qu\u1ef9 c\u00f2n \u0111a d\u1ea1ng h\u00f3a v\u00e0 m\u1edf r\u1ed9ng quy m\u00f4 v\u00e0o c\u00e1c ho\u1ea1t \u0111\u1ed9ng nh\u01b0 \u0110i\u1ec7n \u1ea3nh, \u00e2m nh\u1ea1c, th\u1ec3 thao v\u00e0 trang s\u1ee9c.\" \/>\n<meta name=\"robots\" content=\"index, follow, max-snippet:-1, max-image-preview:large, max-video-preview:-1\" \/>\n<link rel=\"canonical\" href=\"https:\/\/fundgo.network\/ko\/\uc9d5\ud6c4\uc640-\uc99d\uc0c1\/\" \/>\n<meta property=\"og:locale\" content=\"ko_KR\" \/>\n<meta property=\"og:type\" content=\"article\" \/>\n<meta property=\"og:title\" content=\"Bi\u1ec3u m\u1eabu v\u00e0 t\u00e0i li\u1ec7u qu\u1ef9 | FUNDGO\" \/>\n<meta property=\"og:description\" content=\"FUNDGO \u0111ang h\u1ee3p t\u00e1c v\u00e0 \u0111\u1ea7u t\u01b0 \u1edf r\u1ea5t nhi\u1ec1u l\u0129nh v\u1ef1c bao g\u1ed3m t\u00e0i ch\u00ednh, c\u00f4ng ngh\u1ec7, gi\u00e1o d\u1ee5c, y t\u1ebf. B\u00ean c\u1ea1nh \u0111\u00f3, Qu\u1ef9 c\u00f2n \u0111a d\u1ea1ng h\u00f3a v\u00e0 m\u1edf r\u1ed9ng quy m\u00f4 v\u00e0o c\u00e1c ho\u1ea1t \u0111\u1ed9ng nh\u01b0 \u0110i\u1ec7n \u1ea3nh, \u00e2m nh\u1ea1c, th\u1ec3 thao v\u00e0 trang s\u1ee9c.\" \/>\n<meta property=\"og:url\" content=\"https:\/\/fundgo.network\/ko\/\uc9d5\ud6c4\uc640-\uc99d\uc0c1\/\" \/>\n<meta property=\"og:site_name\" content=\"FUNDGO\" \/>\n<meta property=\"article:modified_time\" content=\"2023-08-22T01:44:02+00:00\" \/>\n<meta property=\"og:image\" content=\"https:\/\/fundgo.network\/wp-content\/uploads\/2022\/11\/Bieu-mau-va-tai-lieu-Quy-2.jpg\" \/>\n\t<meta property=\"og:image:width\" content=\"800\" \/>\n\t<meta property=\"og:image:height\" content=\"500\" \/>\n\t<meta property=\"og:image:type\" content=\"image\/jpeg\" \/>\n<meta name=\"twitter:card\" content=\"summary_large_image\" \/>\n<meta name=\"twitter:title\" content=\"Bi\u1ec3u m\u1eabu v\u00e0 t\u00e0i li\u1ec7u qu\u1ef9 | FUNDGO\" \/>\n<meta name=\"twitter:description\" content=\"FUNDGO \u0111ang h\u1ee3p t\u00e1c v\u00e0 \u0111\u1ea7u t\u01b0 \u1edf r\u1ea5t nhi\u1ec1u l\u0129nh v\u1ef1c bao g\u1ed3m t\u00e0i ch\u00ednh, c\u00f4ng ngh\u1ec7, gi\u00e1o d\u1ee5c, y t\u1ebf. B\u00ean c\u1ea1nh \u0111\u00f3, Qu\u1ef9 c\u00f2n \u0111a d\u1ea1ng h\u00f3a v\u00e0 m\u1edf r\u1ed9ng quy m\u00f4 v\u00e0o c\u00e1c ho\u1ea1t \u0111\u1ed9ng nh\u01b0 \u0110i\u1ec7n \u1ea3nh, \u00e2m nh\u1ea1c, th\u1ec3 thao v\u00e0 trang s\u1ee9c.\" \/>\n<script type=\"application\/ld+json\" class=\"yoast-schema-graph\">{\"@context\":\"https:\/\/schema.org\",\"@graph\":[{\"@type\":\"WebPage\",\"@id\":\"https:\/\/fundgo.network\/bieu-mau-va-tai-lieu-quy\/\",\"url\":\"https:\/\/fundgo.network\/bieu-mau-va-tai-lieu-quy\/\",\"name\":\"Bi\u1ec3u m\u1eabu v\u00e0 t\u00e0i li\u1ec7u qu\u1ef9 | FUNDGO\",\"isPartOf\":{\"@id\":\"https:\/\/fundgo.network\/en\/#website\"},\"primaryImageOfPage\":{\"@id\":\"https:\/\/fundgo.network\/bieu-mau-va-tai-lieu-quy\/#primaryimage\"},\"image\":{\"@id\":\"https:\/\/fundgo.network\/bieu-mau-va-tai-lieu-quy\/#primaryimage\"},\"thumbnailUrl\":\"https:\/\/fundgo.network\/wp-content\/uploads\/2022\/11\/Bieu-mau-va-tai-lieu-Quy-2.jpg\",\"datePublished\":\"2022-11-23T04:17:35+00:00\",\"dateModified\":\"2023-08-22T01:44:02+00:00\",\"description\":\"FUNDGO \u0111ang h\u1ee3p t\u00e1c v\u00e0 \u0111\u1ea7u t\u01b0 \u1edf r\u1ea5t nhi\u1ec1u l\u0129nh v\u1ef1c bao g\u1ed3m t\u00e0i ch\u00ednh, c\u00f4ng ngh\u1ec7, gi\u00e1o d\u1ee5c, y t\u1ebf. B\u00ean c\u1ea1nh \u0111\u00f3, Qu\u1ef9 c\u00f2n \u0111a d\u1ea1ng h\u00f3a v\u00e0 m\u1edf r\u1ed9ng quy m\u00f4 v\u00e0o c\u00e1c ho\u1ea1t \u0111\u1ed9ng nh\u01b0 \u0110i\u1ec7n \u1ea3nh, \u00e2m nh\u1ea1c, th\u1ec3 thao v\u00e0 trang s\u1ee9c.\",\"breadcrumb\":{\"@id\":\"https:\/\/fundgo.network\/bieu-mau-va-tai-lieu-quy\/#breadcrumb\"},\"inLanguage\":\"ko-KR\",\"potentialAction\":[{\"@type\":\"ReadAction\",\"target\":[\"https:\/\/fundgo.network\/bieu-mau-va-tai-lieu-quy\/\"]}]},{\"@type\":\"ImageObject\",\"inLanguage\":\"ko-KR\",\"@id\":\"https:\/\/fundgo.network\/bieu-mau-va-tai-lieu-quy\/#primaryimage\",\"url\":\"https:\/\/fundgo.network\/wp-content\/uploads\/2022\/11\/Bieu-mau-va-tai-lieu-Quy-2.jpg\",\"contentUrl\":\"https:\/\/fundgo.network\/wp-content\/uploads\/2022\/11\/Bieu-mau-va-tai-lieu-Quy-2.jpg\",\"width\":800,\"height\":500},{\"@type\":\"BreadcrumbList\",\"@id\":\"https:\/\/fundgo.network\/bieu-mau-va-tai-lieu-quy\/#breadcrumb\",\"itemListElement\":[{\"@type\":\"ListItem\",\"position\":1,\"name\":\"Home\",\"item\":\"https:\/\/fundgo.network\/\"},{\"@type\":\"ListItem\",\"position\":2,\"name\":\"Bi\u1ec3u m\u1eabu v\u00e0 t\u00e0i li\u1ec7u Qu\u1ef9\"}]},{\"@type\":\"WebSite\",\"@id\":\"https:\/\/fundgo.network\/en\/#website\",\"url\":\"https:\/\/fundgo.network\/en\/\",\"name\":\"FUNDGO\",\"description\":\"Kh\u1edfi nghi\u1ec7p s\u00e1ng t\u1ea1o\",\"potentialAction\":[{\"@type\":\"SearchAction\",\"target\":{\"@type\":\"EntryPoint\",\"urlTemplate\":\"https:\/\/fundgo.network\/en\/?s={search_term_string}\"},\"query-input\":{\"@type\":\"PropertyValueSpecification\",\"valueRequired\":true,\"valueName\":\"search_term_string\"}}],\"inLanguage\":\"ko-KR\"}]}<\/script>\n<!-- \/ Yoast SEO Premium plugin. -->","yoast_head_json":{"title":"\uae30\uae08 \uc591\uc2dd \ubc0f \ubb38\uc11c | \ud380\ub4dc\uace0","description":"FUNDGO\ub294 \uae08\uc735, \uae30\uc220, \uad50\uc721, \ubcf4\uac74 \ub4f1 \ub2e4\uc591\ud55c \ubd84\uc57c\uc5d0\uc11c \ud611\ub825\ud558\uace0 \ud22c\uc790\ud558\uace0 \uc788\uc2b5\ub2c8\ub2e4. \ub610\ud55c \uc601\ud654, \uc74c\uc545, \uc2a4\ud3ec\uce20, \uc8fc\uc5bc\ub9ac \ub4f1\uc758 \ud65c\ub3d9\uc73c\ub85c \ud380\ub4dc\uc758 \uaddc\ubaa8\ub97c \ub2e4\uc591\ud654\ud558\uace0 \ud655\ub300\ud558\uace0 \uc788\uc2b5\ub2c8\ub2e4.","robots":{"index":"index","follow":"follow","max-snippet":"max-snippet:-1","max-image-preview":"max-image-preview:large","max-video-preview":"max-video-preview:-1"},"canonical":"https:\/\/fundgo.network\/ko\/\uc9d5\ud6c4\uc640-\uc99d\uc0c1\/","og_locale":"ko_KR","og_type":"article","og_title":"Bi\u1ec3u m\u1eabu v\u00e0 t\u00e0i li\u1ec7u qu\u1ef9 | FUNDGO","og_description":"FUNDGO \u0111ang h\u1ee3p t\u00e1c v\u00e0 \u0111\u1ea7u t\u01b0 \u1edf r\u1ea5t nhi\u1ec1u l\u0129nh v\u1ef1c bao g\u1ed3m t\u00e0i ch\u00ednh, c\u00f4ng ngh\u1ec7, gi\u00e1o d\u1ee5c, y t\u1ebf. B\u00ean c\u1ea1nh \u0111\u00f3, Qu\u1ef9 c\u00f2n \u0111a d\u1ea1ng h\u00f3a v\u00e0 m\u1edf r\u1ed9ng quy m\u00f4 v\u00e0o c\u00e1c ho\u1ea1t \u0111\u1ed9ng nh\u01b0 \u0110i\u1ec7n \u1ea3nh, \u00e2m nh\u1ea1c, th\u1ec3 thao v\u00e0 trang s\u1ee9c.","og_url":"https:\/\/fundgo.network\/ko\/\uc9d5\ud6c4\uc640-\uc99d\uc0c1\/","og_site_name":"FUNDGO","article_modified_time":"2023-08-22T01:44:02+00:00","og_image":[{"width":800,"height":500,"url":"https:\/\/fundgo.network\/wp-content\/uploads\/2022\/11\/Bieu-mau-va-tai-lieu-Quy-2.jpg","type":"image\/jpeg"}],"twitter_card":"summary_large_image","twitter_title":"Bi\u1ec3u m\u1eabu v\u00e0 t\u00e0i li\u1ec7u qu\u1ef9 | FUNDGO","twitter_description":"FUNDGO \u0111ang h\u1ee3p t\u00e1c v\u00e0 \u0111\u1ea7u t\u01b0 \u1edf r\u1ea5t nhi\u1ec1u l\u0129nh v\u1ef1c bao g\u1ed3m t\u00e0i ch\u00ednh, c\u00f4ng ngh\u1ec7, gi\u00e1o d\u1ee5c, y t\u1ebf. B\u00ean c\u1ea1nh \u0111\u00f3, Qu\u1ef9 c\u00f2n \u0111a d\u1ea1ng h\u00f3a v\u00e0 m\u1edf r\u1ed9ng quy m\u00f4 v\u00e0o c\u00e1c ho\u1ea1t \u0111\u1ed9ng nh\u01b0 \u0110i\u1ec7n \u1ea3nh, \u00e2m nh\u1ea1c, th\u1ec3 thao v\u00e0 trang s\u1ee9c.","schema":{"@context":"https:\/\/schema.org","@graph":[{"@type":"WebPage","@id":"https:\/\/fundgo.network\/bieu-mau-va-tai-lieu-quy\/","url":"https:\/\/fundgo.network\/bieu-mau-va-tai-lieu-quy\/","name":"\uae30\uae08 \uc591\uc2dd \ubc0f \ubb38\uc11c | \ud380\ub4dc\uace0","isPartOf":{"@id":"https:\/\/fundgo.network\/en\/#website"},"primaryImageOfPage":{"@id":"https:\/\/fundgo.network\/bieu-mau-va-tai-lieu-quy\/#primaryimage"},"image":{"@id":"https:\/\/fundgo.network\/bieu-mau-va-tai-lieu-quy\/#primaryimage"},"thumbnailUrl":"https:\/\/fundgo.network\/wp-content\/uploads\/2022\/11\/Bieu-mau-va-tai-lieu-Quy-2.jpg","datePublished":"2022-11-23T04:17:35+00:00","dateModified":"2023-08-22T01:44:02+00:00","description":"FUNDGO\ub294 \uae08\uc735, \uae30\uc220, \uad50\uc721, \ubcf4\uac74 \ub4f1 \ub2e4\uc591\ud55c \ubd84\uc57c\uc5d0\uc11c \ud611\ub825\ud558\uace0 \ud22c\uc790\ud558\uace0 \uc788\uc2b5\ub2c8\ub2e4. \ub610\ud55c \uc601\ud654, \uc74c\uc545, \uc2a4\ud3ec\uce20, \uc8fc\uc5bc\ub9ac \ub4f1\uc758 \ud65c\ub3d9\uc73c\ub85c \ud380\ub4dc\uc758 \uaddc\ubaa8\ub97c \ub2e4\uc591\ud654\ud558\uace0 \ud655\ub300\ud558\uace0 \uc788\uc2b5\ub2c8\ub2e4.","breadcrumb":{"@id":"https:\/\/fundgo.network\/bieu-mau-va-tai-lieu-quy\/#breadcrumb"},"inLanguage":"ko-KR","potentialAction":[{"@type":"ReadAction","target":["https:\/\/fundgo.network\/bieu-mau-va-tai-lieu-quy\/"]}]},{"@type":"ImageObject","inLanguage":"ko-KR","@id":"https:\/\/fundgo.network\/bieu-mau-va-tai-lieu-quy\/#primaryimage","url":"https:\/\/fundgo.network\/wp-content\/uploads\/2022\/11\/Bieu-mau-va-tai-lieu-Quy-2.jpg","contentUrl":"https:\/\/fundgo.network\/wp-content\/uploads\/2022\/11\/Bieu-mau-va-tai-lieu-Quy-2.jpg","width":800,"height":500},{"@type":"BreadcrumbList","@id":"https:\/\/fundgo.network\/bieu-mau-va-tai-lieu-quy\/#breadcrumb","itemListElement":[{"@type":"ListItem","position":1,"name":"Home","item":"https:\/\/fundgo.network\/"},{"@type":"ListItem","position":2,"name":"Bi\u1ec3u m\u1eabu v\u00e0 t\u00e0i li\u1ec7u Qu\u1ef9"}]},{"@type":"WebSite","@id":"https:\/\/fundgo.network\/en\/#website","url":"https:\/\/fundgo.network\/en\/","name":"FUNDGO","description":"\ucc3d\uc758\uc801\uc778 \uc2a4\ud0c0\ud2b8\uc5c5","potentialAction":[{"@type":"SearchAction","target":{"@type":"EntryPoint","urlTemplate":"https:\/\/fundgo.network\/en\/?s={search_term_string}"},"query-input":{"@type":"PropertyValueSpecification","valueRequired":true,"valueName":"search_term_string"}}],"inLanguage":"ko-KR"}]}},"_links":{"self":[{"href":"https:\/\/fundgo.network\/ko\/wp-json\/wp\/v2\/pages\/128","targetHints":{"allow":["GET"]}}],"collection":[{"href":"https:\/\/fundgo.network\/ko\/wp-json\/wp\/v2\/pages"}],"about":[{"href":"https:\/\/fundgo.network\/ko\/wp-json\/wp\/v2\/types\/page"}],"author":[{"embeddable":true,"href":"https:\/\/fundgo.network\/ko\/wp-json\/wp\/v2\/users\/1"}],"replies":[{"embeddable":true,"href":"https:\/\/fundgo.network\/ko\/wp-json\/wp\/v2\/comments?post=128"}],"version-history":[{"count":0,"href":"https:\/\/fundgo.network\/ko\/wp-json\/wp\/v2\/pages\/128\/revisions"}],"wp:featuredmedia":[{"embeddable":true,"href":"https:\/\/fundgo.network\/ko\/wp-json\/wp\/v2\/media\/13020"}],"wp:attachment":[{"href":"https:\/\/fundgo.network\/ko\/wp-json\/wp\/v2\/media?parent=128"}],"curies":[{"name":"\uc6cc\ub4dc\ud504\ub808\uc2a4","href":"https:\/\/api.w.org\/{rel}","templated":true}]}}