{"id":33,"date":"2022-11-22T11:16:04","date_gmt":"2022-11-22T04:16:04","guid":{"rendered":"http:\/\/localhost\/fundgo.network\/?page_id=33"},"modified":"2022-11-29T12:00:46","modified_gmt":"2022-11-29T05:00:46","slug":"about-fundgo","status":"publish","type":"page","link":"https:\/\/fundgo.network\/en\/about-fundgo\/","title":{"rendered":"About FUNDGO"},"content":{"rendered":"","protected":false},"excerpt":{"rendered":"","protected":false},"author":1,"featured_media":13032,"parent":0,"menu_order":0,"comment_status":"closed","ping_status":"closed","template":"templates\/template-about-fundgo.php","meta":{"_acf_changed":false,"footnotes":""},"class_list":["post-33","page","type-page","status-publish","has-post-thumbnail","hentry"],"acf":[],"yoast_head":"<!-- This site is optimized with the Yoast SEO Premium plugin v24.5 (Yoast SEO v26.7) - https:\/\/yoast.com\/wordpress\/plugins\/seo\/ -->\n<title>Gi\u1edbi thi\u1ec7u | FUNDGO<\/title>\n<meta name=\"description\" content=\"FUNDGO mang s\u1ee9 m\u1ec7nh tr\u1edf th\u00e0nh b\u1ec7 ph\u00f3ng t\u00e0i ch\u00ednh v\u00e0 c\u1ed1 v\u1ea5n t\u1eeb giai \u0111o\u1ea1n s\u01a1 khai nh\u1ea5t cho c\u00e1c doanh nghi\u1ec7p v\u00e0 d\u1ef1 \u00e1n kh\u1edfi nghi\u1ec7p, t\u1eeb \u0111\u00f3 th\u00fac \u0111\u1ea9y qu\u00e1 tr\u00ecnh chuy\u1ec3n \u0111\u1ed5i s\u1ed1 t\u1ea1i \u0110BSCL n\u00f3i ri\u00eang v\u00e0 Vi\u1ec7t Nam n\u00f3i chung.\" \/>\n<meta name=\"robots\" content=\"index, follow, max-snippet:-1, max-image-preview:large, max-video-preview:-1\" \/>\n<link rel=\"canonical\" href=\"https:\/\/fundgo.network\/en\/about-fundgo\/\" \/>\n<meta property=\"og:locale\" content=\"en_US\" \/>\n<meta property=\"og:type\" content=\"article\" \/>\n<meta property=\"og:title\" content=\"Gi\u1edbi thi\u1ec7u | FUNDGO\" \/>\n<meta property=\"og:description\" content=\"FUNDGO mang s\u1ee9 m\u1ec7nh tr\u1edf th\u00e0nh b\u1ec7 ph\u00f3ng t\u00e0i ch\u00ednh v\u00e0 c\u1ed1 v\u1ea5n t\u1eeb giai \u0111o\u1ea1n s\u01a1 khai nh\u1ea5t cho c\u00e1c doanh nghi\u1ec7p v\u00e0 d\u1ef1 \u00e1n kh\u1edfi nghi\u1ec7p, t\u1eeb \u0111\u00f3 th\u00fac \u0111\u1ea9y qu\u00e1 tr\u00ecnh chuy\u1ec3n \u0111\u1ed5i s\u1ed1 t\u1ea1i \u0110BSCL n\u00f3i ri\u00eang v\u00e0 Vi\u1ec7t Nam n\u00f3i chung.\" \/>\n<meta property=\"og:url\" content=\"https:\/\/fundgo.network\/en\/about-fundgo\/\" \/>\n<meta property=\"og:site_name\" content=\"FUNDGO\" \/>\n<meta property=\"article:modified_time\" content=\"2022-11-29T05:00:46+00:00\" \/>\n<meta property=\"og:image\" content=\"https:\/\/fundgo.network\/wp-content\/uploads\/2022\/11\/Ve-FundGo-1.jpg\" \/>\n\t<meta property=\"og:image:width\" content=\"800\" \/>\n\t<meta property=\"og:image:height\" content=\"500\" \/>\n\t<meta property=\"og:image:type\" content=\"image\/jpeg\" \/>\n<meta name=\"twitter:card\" content=\"summary_large_image\" \/>\n<meta name=\"twitter:title\" content=\"Gi\u1edbi thi\u1ec7u | FUNDGO\" \/>\n<meta name=\"twitter:description\" content=\"FUNDGO mang s\u1ee9 m\u1ec7nh tr\u1edf th\u00e0nh b\u1ec7 ph\u00f3ng t\u00e0i ch\u00ednh v\u00e0 c\u1ed1 v\u1ea5n t\u1eeb giai \u0111o\u1ea1n s\u01a1 khai nh\u1ea5t cho c\u00e1c doanh nghi\u1ec7p v\u00e0 d\u1ef1 \u00e1n kh\u1edfi nghi\u1ec7p, t\u1eeb \u0111\u00f3 th\u00fac \u0111\u1ea9y qu\u00e1 tr\u00ecnh chuy\u1ec3n \u0111\u1ed5i s\u1ed1 t\u1ea1i \u0110BSCL n\u00f3i ri\u00eang v\u00e0 Vi\u1ec7t Nam n\u00f3i chung.\" \/>\n<script type=\"application\/ld+json\" class=\"yoast-schema-graph\">{\"@context\":\"https:\/\/schema.org\",\"@graph\":[{\"@type\":\"WebPage\",\"@id\":\"https:\/\/fundgo.network\/ve-fundgo\/\",\"url\":\"https:\/\/fundgo.network\/ve-fundgo\/\",\"name\":\"Gi\u1edbi thi\u1ec7u | FUNDGO\",\"isPartOf\":{\"@id\":\"https:\/\/fundgo.network\/en\/#website\"},\"primaryImageOfPage\":{\"@id\":\"https:\/\/fundgo.network\/ve-fundgo\/#primaryimage\"},\"image\":{\"@id\":\"https:\/\/fundgo.network\/ve-fundgo\/#primaryimage\"},\"thumbnailUrl\":\"https:\/\/fundgo.network\/wp-content\/uploads\/2022\/11\/Ve-FundGo-1.jpg\",\"datePublished\":\"2022-11-22T04:16:04+00:00\",\"dateModified\":\"2022-11-29T05:00:46+00:00\",\"description\":\"FUNDGO mang s\u1ee9 m\u1ec7nh tr\u1edf th\u00e0nh b\u1ec7 ph\u00f3ng t\u00e0i ch\u00ednh v\u00e0 c\u1ed1 v\u1ea5n t\u1eeb giai \u0111o\u1ea1n s\u01a1 khai nh\u1ea5t cho c\u00e1c doanh nghi\u1ec7p v\u00e0 d\u1ef1 \u00e1n kh\u1edfi nghi\u1ec7p, t\u1eeb \u0111\u00f3 th\u00fac \u0111\u1ea9y qu\u00e1 tr\u00ecnh chuy\u1ec3n \u0111\u1ed5i s\u1ed1 t\u1ea1i \u0110BSCL n\u00f3i ri\u00eang v\u00e0 Vi\u1ec7t Nam n\u00f3i chung.\",\"breadcrumb\":{\"@id\":\"https:\/\/fundgo.network\/ve-fundgo\/#breadcrumb\"},\"inLanguage\":\"en-US\",\"potentialAction\":[{\"@type\":\"ReadAction\",\"target\":[\"https:\/\/fundgo.network\/ve-fundgo\/\"]}]},{\"@type\":\"ImageObject\",\"inLanguage\":\"en-US\",\"@id\":\"https:\/\/fundgo.network\/ve-fundgo\/#primaryimage\",\"url\":\"https:\/\/fundgo.network\/wp-content\/uploads\/2022\/11\/Ve-FundGo-1.jpg\",\"contentUrl\":\"https:\/\/fundgo.network\/wp-content\/uploads\/2022\/11\/Ve-FundGo-1.jpg\",\"width\":800,\"height\":500},{\"@type\":\"BreadcrumbList\",\"@id\":\"https:\/\/fundgo.network\/ve-fundgo\/#breadcrumb\",\"itemListElement\":[{\"@type\":\"ListItem\",\"position\":1,\"name\":\"Home\",\"item\":\"https:\/\/fundgo.network\/\"},{\"@type\":\"ListItem\",\"position\":2,\"name\":\"V\u1ec1 FUNDGO\"}]},{\"@type\":\"WebSite\",\"@id\":\"https:\/\/fundgo.network\/en\/#website\",\"url\":\"https:\/\/fundgo.network\/en\/\",\"name\":\"FUNDGO\",\"description\":\"Kh\u1edfi nghi\u1ec7p s\u00e1ng t\u1ea1o\",\"potentialAction\":[{\"@type\":\"SearchAction\",\"target\":{\"@type\":\"EntryPoint\",\"urlTemplate\":\"https:\/\/fundgo.network\/en\/?s={search_term_string}\"},\"query-input\":{\"@type\":\"PropertyValueSpecification\",\"valueRequired\":true,\"valueName\":\"search_term_string\"}}],\"inLanguage\":\"en-US\"}]}<\/script>\n<!-- \/ Yoast SEO Premium plugin. -->","yoast_head_json":{"title":"Introduction | FUNDGO","description":"FUNDGO is on a mission to become a financial launchpad and consultant for startup businesses and projects from their initial stages, thereby promoting digital transformation in the Mekong Delta in particular and Vietnam in general.","robots":{"index":"index","follow":"follow","max-snippet":"max-snippet:-1","max-image-preview":"max-image-preview:large","max-video-preview":"max-video-preview:-1"},"canonical":"https:\/\/fundgo.network\/en\/about-fundgo\/","og_locale":"en_US","og_type":"article","og_title":"Gi\u1edbi thi\u1ec7u | FUNDGO","og_description":"FUNDGO mang s\u1ee9 m\u1ec7nh tr\u1edf th\u00e0nh b\u1ec7 ph\u00f3ng t\u00e0i ch\u00ednh v\u00e0 c\u1ed1 v\u1ea5n t\u1eeb giai \u0111o\u1ea1n s\u01a1 khai nh\u1ea5t cho c\u00e1c doanh nghi\u1ec7p v\u00e0 d\u1ef1 \u00e1n kh\u1edfi nghi\u1ec7p, t\u1eeb \u0111\u00f3 th\u00fac \u0111\u1ea9y qu\u00e1 tr\u00ecnh chuy\u1ec3n \u0111\u1ed5i s\u1ed1 t\u1ea1i \u0110BSCL n\u00f3i ri\u00eang v\u00e0 Vi\u1ec7t Nam n\u00f3i chung.","og_url":"https:\/\/fundgo.network\/en\/about-fundgo\/","og_site_name":"FUNDGO","article_modified_time":"2022-11-29T05:00:46+00:00","og_image":[{"width":800,"height":500,"url":"https:\/\/fundgo.network\/wp-content\/uploads\/2022\/11\/Ve-FundGo-1.jpg","type":"image\/jpeg"}],"twitter_card":"summary_large_image","twitter_title":"Gi\u1edbi thi\u1ec7u | FUNDGO","twitter_description":"FUNDGO mang s\u1ee9 m\u1ec7nh tr\u1edf th\u00e0nh b\u1ec7 ph\u00f3ng t\u00e0i ch\u00ednh v\u00e0 c\u1ed1 v\u1ea5n t\u1eeb giai \u0111o\u1ea1n s\u01a1 khai nh\u1ea5t cho c\u00e1c doanh nghi\u1ec7p v\u00e0 d\u1ef1 \u00e1n kh\u1edfi nghi\u1ec7p, t\u1eeb \u0111\u00f3 th\u00fac \u0111\u1ea9y qu\u00e1 tr\u00ecnh chuy\u1ec3n \u0111\u1ed5i s\u1ed1 t\u1ea1i \u0110BSCL n\u00f3i ri\u00eang v\u00e0 Vi\u1ec7t Nam n\u00f3i chung.","schema":{"@context":"https:\/\/schema.org","@graph":[{"@type":"WebPage","@id":"https:\/\/fundgo.network\/ve-fundgo\/","url":"https:\/\/fundgo.network\/ve-fundgo\/","name":"Introduction | FUNDGO","isPartOf":{"@id":"https:\/\/fundgo.network\/en\/#website"},"primaryImageOfPage":{"@id":"https:\/\/fundgo.network\/ve-fundgo\/#primaryimage"},"image":{"@id":"https:\/\/fundgo.network\/ve-fundgo\/#primaryimage"},"thumbnailUrl":"https:\/\/fundgo.network\/wp-content\/uploads\/2022\/11\/Ve-FundGo-1.jpg","datePublished":"2022-11-22T04:16:04+00:00","dateModified":"2022-11-29T05:00:46+00:00","description":"FUNDGO is on a mission to become a financial launchpad and consultant for startup businesses and projects from their initial stages, thereby promoting digital transformation in the Mekong Delta in particular and Vietnam in general.","breadcrumb":{"@id":"https:\/\/fundgo.network\/ve-fundgo\/#breadcrumb"},"inLanguage":"en-US","potentialAction":[{"@type":"ReadAction","target":["https:\/\/fundgo.network\/ve-fundgo\/"]}]},{"@type":"ImageObject","inLanguage":"en-US","@id":"https:\/\/fundgo.network\/ve-fundgo\/#primaryimage","url":"https:\/\/fundgo.network\/wp-content\/uploads\/2022\/11\/Ve-FundGo-1.jpg","contentUrl":"https:\/\/fundgo.network\/wp-content\/uploads\/2022\/11\/Ve-FundGo-1.jpg","width":800,"height":500},{"@type":"BreadcrumbList","@id":"https:\/\/fundgo.network\/ve-fundgo\/#breadcrumb","itemListElement":[{"@type":"ListItem","position":1,"name":"Home","item":"https:\/\/fundgo.network\/"},{"@type":"ListItem","position":2,"name":"V\u1ec1 FUNDGO"}]},{"@type":"WebSite","@id":"https:\/\/fundgo.network\/en\/#website","url":"https:\/\/fundgo.network\/en\/","name":"FUNDGO","description":"Creative Startup","potentialAction":[{"@type":"SearchAction","target":{"@type":"EntryPoint","urlTemplate":"https:\/\/fundgo.network\/en\/?s={search_term_string}"},"query-input":{"@type":"PropertyValueSpecification","valueRequired":true,"valueName":"search_term_string"}}],"inLanguage":"en-US"}]}},"_links":{"self":[{"href":"https:\/\/fundgo.network\/en\/wp-json\/wp\/v2\/pages\/33","targetHints":{"allow":["GET"]}}],"collection":[{"href":"https:\/\/fundgo.network\/en\/wp-json\/wp\/v2\/pages"}],"about":[{"href":"https:\/\/fundgo.network\/en\/wp-json\/wp\/v2\/types\/page"}],"author":[{"embeddable":true,"href":"https:\/\/fundgo.network\/en\/wp-json\/wp\/v2\/users\/1"}],"replies":[{"embeddable":true,"href":"https:\/\/fundgo.network\/en\/wp-json\/wp\/v2\/comments?post=33"}],"version-history":[{"count":0,"href":"https:\/\/fundgo.network\/en\/wp-json\/wp\/v2\/pages\/33\/revisions"}],"wp:featuredmedia":[{"embeddable":true,"href":"https:\/\/fundgo.network\/en\/wp-json\/wp\/v2\/media\/13032"}],"wp:attachment":[{"href":"https:\/\/fundgo.network\/en\/wp-json\/wp\/v2\/media?parent=33"}],"curies":[{"name":"wp","href":"https:\/\/api.w.org\/{rel}","templated":true}]}}