{"id":13275,"date":"2022-12-19T14:50:25","date_gmt":"2022-12-19T07:50:25","guid":{"rendered":"https:\/\/fundgo.network\/?page_id=13275"},"modified":"2022-12-19T14:50:27","modified_gmt":"2022-12-19T07:50:27","slug":"hana-gold-jewelry-joint-stock-company","status":"publish","type":"page","link":"https:\/\/fundgo.network\/en\/hana-gold-jewelry-joint-stock-company\/","title":{"rendered":"HanaGold Jewelry Joint Stock Company"},"content":{"rendered":"","protected":false},"excerpt":{"rendered":"","protected":false},"author":1,"featured_media":0,"parent":0,"menu_order":0,"comment_status":"closed","ping_status":"closed","template":"templates\/template-hanagold.php","meta":{"_acf_changed":false,"footnotes":""},"class_list":["post-13275","page","type-page","status-publish","hentry"],"acf":[],"yoast_head":"<!-- This site is optimized with the Yoast SEO Premium plugin v24.5 (Yoast SEO v26.7) - https:\/\/yoast.com\/wordpress\/plugins\/seo\/ -->\n<title>C\u00f4ng ty C\u1ed5 ph\u1ea7n V\u00e0ng B\u1ea1c \u0110\u00e1 Qu\u00fd HanaGold - FUNDGO<\/title>\n<meta name=\"robots\" content=\"index, follow, max-snippet:-1, max-image-preview:large, max-video-preview:-1\" \/>\n<link rel=\"canonical\" href=\"https:\/\/fundgo.network\/en\/danh-muc-dau-tu__trashed\/hana-gold-jewelry-joint-stock-company\/\" \/>\n<meta property=\"og:locale\" content=\"en_US\" \/>\n<meta property=\"og:type\" content=\"article\" \/>\n<meta property=\"og:title\" content=\"C\u00f4ng ty C\u1ed5 ph\u1ea7n V\u00e0ng B\u1ea1c \u0110\u00e1 Qu\u00fd HanaGold\" \/>\n<meta property=\"og:url\" content=\"https:\/\/fundgo.network\/en\/danh-muc-dau-tu__trashed\/hana-gold-jewelry-joint-stock-company\/\" \/>\n<meta property=\"og:site_name\" content=\"FUNDGO\" \/>\n<meta property=\"article:modified_time\" content=\"2022-12-19T07:50:27+00:00\" \/>\n<meta name=\"twitter:card\" content=\"summary_large_image\" \/>\n<script type=\"application\/ld+json\" class=\"yoast-schema-graph\">{\"@context\":\"https:\/\/schema.org\",\"@graph\":[{\"@type\":\"WebPage\",\"@id\":\"https:\/\/fundgo.network\/danh-muc-dau-tu__trashed\/cong-ty-co-phan-vang-bac-da-quy-hanagold\/\",\"url\":\"https:\/\/fundgo.network\/danh-muc-dau-tu__trashed\/cong-ty-co-phan-vang-bac-da-quy-hanagold\/\",\"name\":\"C\u00f4ng ty C\u1ed5 ph\u1ea7n V\u00e0ng B\u1ea1c \u0110\u00e1 Qu\u00fd HanaGold - FUNDGO\",\"isPartOf\":{\"@id\":\"https:\/\/fundgo.network\/en\/#website\"},\"datePublished\":\"2022-12-19T07:50:25+00:00\",\"dateModified\":\"2022-12-19T07:50:27+00:00\",\"breadcrumb\":{\"@id\":\"https:\/\/fundgo.network\/danh-muc-dau-tu__trashed\/cong-ty-co-phan-vang-bac-da-quy-hanagold\/#breadcrumb\"},\"inLanguage\":\"en-US\",\"potentialAction\":[{\"@type\":\"ReadAction\",\"target\":[\"https:\/\/fundgo.network\/danh-muc-dau-tu__trashed\/cong-ty-co-phan-vang-bac-da-quy-hanagold\/\"]}]},{\"@type\":\"BreadcrumbList\",\"@id\":\"https:\/\/fundgo.network\/danh-muc-dau-tu__trashed\/cong-ty-co-phan-vang-bac-da-quy-hanagold\/#breadcrumb\",\"itemListElement\":[{\"@type\":\"ListItem\",\"position\":1,\"name\":\"Home\",\"item\":\"https:\/\/fundgo.network\/\"},{\"@type\":\"ListItem\",\"position\":2,\"name\":\"C\u00f4ng ty C\u1ed5 ph\u1ea7n V\u00e0ng B\u1ea1c \u0110\u00e1 Qu\u00fd HanaGold\"}]},{\"@type\":\"WebSite\",\"@id\":\"https:\/\/fundgo.network\/en\/#website\",\"url\":\"https:\/\/fundgo.network\/en\/\",\"name\":\"FUNDGO\",\"description\":\"Kh\u1edfi nghi\u1ec7p s\u00e1ng t\u1ea1o\",\"potentialAction\":[{\"@type\":\"SearchAction\",\"target\":{\"@type\":\"EntryPoint\",\"urlTemplate\":\"https:\/\/fundgo.network\/en\/?s={search_term_string}\"},\"query-input\":{\"@type\":\"PropertyValueSpecification\",\"valueRequired\":true,\"valueName\":\"search_term_string\"}}],\"inLanguage\":\"en-US\"}]}<\/script>\n<!-- \/ Yoast SEO Premium plugin. -->","yoast_head_json":{"title":"HanaGold Gold and Gemstone Joint Stock Company - FUNDGO","robots":{"index":"index","follow":"follow","max-snippet":"max-snippet:-1","max-image-preview":"max-image-preview:large","max-video-preview":"max-video-preview:-1"},"canonical":"https:\/\/fundgo.network\/en\/danh-muc-dau-tu__trashed\/hana-gold-jewelry-joint-stock-company\/","og_locale":"en_US","og_type":"article","og_title":"C\u00f4ng ty C\u1ed5 ph\u1ea7n V\u00e0ng B\u1ea1c \u0110\u00e1 Qu\u00fd HanaGold","og_url":"https:\/\/fundgo.network\/en\/danh-muc-dau-tu__trashed\/hana-gold-jewelry-joint-stock-company\/","og_site_name":"FUNDGO","article_modified_time":"2022-12-19T07:50:27+00:00","twitter_card":"summary_large_image","schema":{"@context":"https:\/\/schema.org","@graph":[{"@type":"WebPage","@id":"https:\/\/fundgo.network\/danh-muc-dau-tu__trashed\/cong-ty-co-phan-vang-bac-da-quy-hanagold\/","url":"https:\/\/fundgo.network\/danh-muc-dau-tu__trashed\/cong-ty-co-phan-vang-bac-da-quy-hanagold\/","name":"HanaGold Gold and Gemstone Joint Stock Company - FUNDGO","isPartOf":{"@id":"https:\/\/fundgo.network\/en\/#website"},"datePublished":"2022-12-19T07:50:25+00:00","dateModified":"2022-12-19T07:50:27+00:00","breadcrumb":{"@id":"https:\/\/fundgo.network\/danh-muc-dau-tu__trashed\/cong-ty-co-phan-vang-bac-da-quy-hanagold\/#breadcrumb"},"inLanguage":"en-US","potentialAction":[{"@type":"ReadAction","target":["https:\/\/fundgo.network\/danh-muc-dau-tu__trashed\/cong-ty-co-phan-vang-bac-da-quy-hanagold\/"]}]},{"@type":"BreadcrumbList","@id":"https:\/\/fundgo.network\/danh-muc-dau-tu__trashed\/cong-ty-co-phan-vang-bac-da-quy-hanagold\/#breadcrumb","itemListElement":[{"@type":"ListItem","position":1,"name":"Home","item":"https:\/\/fundgo.network\/"},{"@type":"ListItem","position":2,"name":"C\u00f4ng ty C\u1ed5 ph\u1ea7n V\u00e0ng B\u1ea1c \u0110\u00e1 Qu\u00fd HanaGold"}]},{"@type":"WebSite","@id":"https:\/\/fundgo.network\/en\/#website","url":"https:\/\/fundgo.network\/en\/","name":"FUNDGO","description":"Creative Startup","potentialAction":[{"@type":"SearchAction","target":{"@type":"EntryPoint","urlTemplate":"https:\/\/fundgo.network\/en\/?s={search_term_string}"},"query-input":{"@type":"PropertyValueSpecification","valueRequired":true,"valueName":"search_term_string"}}],"inLanguage":"en-US"}]}},"_links":{"self":[{"href":"https:\/\/fundgo.network\/en\/wp-json\/wp\/v2\/pages\/13275","targetHints":{"allow":["GET"]}}],"collection":[{"href":"https:\/\/fundgo.network\/en\/wp-json\/wp\/v2\/pages"}],"about":[{"href":"https:\/\/fundgo.network\/en\/wp-json\/wp\/v2\/types\/page"}],"author":[{"embeddable":true,"href":"https:\/\/fundgo.network\/en\/wp-json\/wp\/v2\/users\/1"}],"replies":[{"embeddable":true,"href":"https:\/\/fundgo.network\/en\/wp-json\/wp\/v2\/comments?post=13275"}],"version-history":[{"count":0,"href":"https:\/\/fundgo.network\/en\/wp-json\/wp\/v2\/pages\/13275\/revisions"}],"wp:attachment":[{"href":"https:\/\/fundgo.network\/en\/wp-json\/wp\/v2\/media?parent=13275"}],"curies":[{"name":"wp","href":"https:\/\/api.w.org\/{rel}","templated":true}]}}