{"id":128,"date":"2022-11-23T11:17:35","date_gmt":"2022-11-23T04:17:35","guid":{"rendered":"http:\/\/localhost\/fundgo.network\/?page_id=128"},"modified":"2023-08-22T08:44:02","modified_gmt":"2023-08-22T01:44:02","slug":"forms-and-documents","status":"publish","type":"page","link":"https:\/\/fundgo.network\/en\/forms-and-documents\/","title":{"rendered":"Forms and Documents"},"content":{"rendered":"","protected":false},"excerpt":{"rendered":"","protected":false},"author":1,"featured_media":13020,"parent":0,"menu_order":0,"comment_status":"closed","ping_status":"closed","template":"templates\/template-fund-forms-and-documents.php","meta":{"_acf_changed":false,"footnotes":""},"class_list":["post-128","page","type-page","status-publish","has-post-thumbnail","hentry"],"acf":[],"yoast_head":"<!-- This site is optimized with the Yoast SEO Premium plugin v24.5 (Yoast SEO v26.7) - https:\/\/yoast.com\/wordpress\/plugins\/seo\/ -->\n<title>Bi\u1ec3u m\u1eabu v\u00e0 t\u00e0i li\u1ec7u qu\u1ef9 | FUNDGO<\/title>\n<meta name=\"description\" content=\"FUNDGO \u0111ang h\u1ee3p t\u00e1c v\u00e0 \u0111\u1ea7u t\u01b0 \u1edf r\u1ea5t nhi\u1ec1u l\u0129nh v\u1ef1c bao g\u1ed3m t\u00e0i ch\u00ednh, c\u00f4ng ngh\u1ec7, gi\u00e1o d\u1ee5c, y t\u1ebf. B\u00ean c\u1ea1nh \u0111\u00f3, Qu\u1ef9 c\u00f2n \u0111a d\u1ea1ng h\u00f3a v\u00e0 m\u1edf r\u1ed9ng quy m\u00f4 v\u00e0o c\u00e1c ho\u1ea1t \u0111\u1ed9ng nh\u01b0 \u0110i\u1ec7n \u1ea3nh, \u00e2m nh\u1ea1c, th\u1ec3 thao v\u00e0 trang s\u1ee9c.\" \/>\n<meta name=\"robots\" content=\"index, follow, max-snippet:-1, max-image-preview:large, max-video-preview:-1\" \/>\n<link rel=\"canonical\" href=\"https:\/\/fundgo.network\/en\/forms-and-documents\/\" \/>\n<meta property=\"og:locale\" content=\"en_US\" \/>\n<meta property=\"og:type\" content=\"article\" \/>\n<meta property=\"og:title\" content=\"Bi\u1ec3u m\u1eabu v\u00e0 t\u00e0i li\u1ec7u qu\u1ef9 | FUNDGO\" \/>\n<meta property=\"og:description\" content=\"FUNDGO \u0111ang h\u1ee3p t\u00e1c v\u00e0 \u0111\u1ea7u t\u01b0 \u1edf r\u1ea5t nhi\u1ec1u l\u0129nh v\u1ef1c bao g\u1ed3m t\u00e0i ch\u00ednh, c\u00f4ng ngh\u1ec7, gi\u00e1o d\u1ee5c, y t\u1ebf. B\u00ean c\u1ea1nh \u0111\u00f3, Qu\u1ef9 c\u00f2n \u0111a d\u1ea1ng h\u00f3a v\u00e0 m\u1edf r\u1ed9ng quy m\u00f4 v\u00e0o c\u00e1c ho\u1ea1t \u0111\u1ed9ng nh\u01b0 \u0110i\u1ec7n \u1ea3nh, \u00e2m nh\u1ea1c, th\u1ec3 thao v\u00e0 trang s\u1ee9c.\" \/>\n<meta property=\"og:url\" content=\"https:\/\/fundgo.network\/en\/forms-and-documents\/\" \/>\n<meta property=\"og:site_name\" content=\"FUNDGO\" \/>\n<meta property=\"article:modified_time\" content=\"2023-08-22T01:44:02+00:00\" \/>\n<meta property=\"og:image\" content=\"https:\/\/fundgo.network\/wp-content\/uploads\/2022\/11\/Bieu-mau-va-tai-lieu-Quy-2.jpg\" \/>\n\t<meta property=\"og:image:width\" content=\"800\" \/>\n\t<meta property=\"og:image:height\" content=\"500\" \/>\n\t<meta property=\"og:image:type\" content=\"image\/jpeg\" \/>\n<meta name=\"twitter:card\" content=\"summary_large_image\" \/>\n<meta name=\"twitter:title\" content=\"Bi\u1ec3u m\u1eabu v\u00e0 t\u00e0i li\u1ec7u qu\u1ef9 | FUNDGO\" \/>\n<meta name=\"twitter:description\" content=\"FUNDGO \u0111ang h\u1ee3p t\u00e1c v\u00e0 \u0111\u1ea7u t\u01b0 \u1edf r\u1ea5t nhi\u1ec1u l\u0129nh v\u1ef1c bao g\u1ed3m t\u00e0i ch\u00ednh, c\u00f4ng ngh\u1ec7, gi\u00e1o d\u1ee5c, y t\u1ebf. B\u00ean c\u1ea1nh \u0111\u00f3, Qu\u1ef9 c\u00f2n \u0111a d\u1ea1ng h\u00f3a v\u00e0 m\u1edf r\u1ed9ng quy m\u00f4 v\u00e0o c\u00e1c ho\u1ea1t \u0111\u1ed9ng nh\u01b0 \u0110i\u1ec7n \u1ea3nh, \u00e2m nh\u1ea1c, th\u1ec3 thao v\u00e0 trang s\u1ee9c.\" \/>\n<script type=\"application\/ld+json\" class=\"yoast-schema-graph\">{\"@context\":\"https:\/\/schema.org\",\"@graph\":[{\"@type\":\"WebPage\",\"@id\":\"https:\/\/fundgo.network\/bieu-mau-va-tai-lieu-quy\/\",\"url\":\"https:\/\/fundgo.network\/bieu-mau-va-tai-lieu-quy\/\",\"name\":\"Bi\u1ec3u m\u1eabu v\u00e0 t\u00e0i li\u1ec7u qu\u1ef9 | FUNDGO\",\"isPartOf\":{\"@id\":\"https:\/\/fundgo.network\/en\/#website\"},\"primaryImageOfPage\":{\"@id\":\"https:\/\/fundgo.network\/bieu-mau-va-tai-lieu-quy\/#primaryimage\"},\"image\":{\"@id\":\"https:\/\/fundgo.network\/bieu-mau-va-tai-lieu-quy\/#primaryimage\"},\"thumbnailUrl\":\"https:\/\/fundgo.network\/wp-content\/uploads\/2022\/11\/Bieu-mau-va-tai-lieu-Quy-2.jpg\",\"datePublished\":\"2022-11-23T04:17:35+00:00\",\"dateModified\":\"2023-08-22T01:44:02+00:00\",\"description\":\"FUNDGO \u0111ang h\u1ee3p t\u00e1c v\u00e0 \u0111\u1ea7u t\u01b0 \u1edf r\u1ea5t nhi\u1ec1u l\u0129nh v\u1ef1c bao g\u1ed3m t\u00e0i ch\u00ednh, c\u00f4ng ngh\u1ec7, gi\u00e1o d\u1ee5c, y t\u1ebf. B\u00ean c\u1ea1nh \u0111\u00f3, Qu\u1ef9 c\u00f2n \u0111a d\u1ea1ng h\u00f3a v\u00e0 m\u1edf r\u1ed9ng quy m\u00f4 v\u00e0o c\u00e1c ho\u1ea1t \u0111\u1ed9ng nh\u01b0 \u0110i\u1ec7n \u1ea3nh, \u00e2m nh\u1ea1c, th\u1ec3 thao v\u00e0 trang s\u1ee9c.\",\"breadcrumb\":{\"@id\":\"https:\/\/fundgo.network\/bieu-mau-va-tai-lieu-quy\/#breadcrumb\"},\"inLanguage\":\"en-US\",\"potentialAction\":[{\"@type\":\"ReadAction\",\"target\":[\"https:\/\/fundgo.network\/bieu-mau-va-tai-lieu-quy\/\"]}]},{\"@type\":\"ImageObject\",\"inLanguage\":\"en-US\",\"@id\":\"https:\/\/fundgo.network\/bieu-mau-va-tai-lieu-quy\/#primaryimage\",\"url\":\"https:\/\/fundgo.network\/wp-content\/uploads\/2022\/11\/Bieu-mau-va-tai-lieu-Quy-2.jpg\",\"contentUrl\":\"https:\/\/fundgo.network\/wp-content\/uploads\/2022\/11\/Bieu-mau-va-tai-lieu-Quy-2.jpg\",\"width\":800,\"height\":500},{\"@type\":\"BreadcrumbList\",\"@id\":\"https:\/\/fundgo.network\/bieu-mau-va-tai-lieu-quy\/#breadcrumb\",\"itemListElement\":[{\"@type\":\"ListItem\",\"position\":1,\"name\":\"Home\",\"item\":\"https:\/\/fundgo.network\/\"},{\"@type\":\"ListItem\",\"position\":2,\"name\":\"Bi\u1ec3u m\u1eabu v\u00e0 t\u00e0i li\u1ec7u Qu\u1ef9\"}]},{\"@type\":\"WebSite\",\"@id\":\"https:\/\/fundgo.network\/en\/#website\",\"url\":\"https:\/\/fundgo.network\/en\/\",\"name\":\"FUNDGO\",\"description\":\"Kh\u1edfi nghi\u1ec7p s\u00e1ng t\u1ea1o\",\"potentialAction\":[{\"@type\":\"SearchAction\",\"target\":{\"@type\":\"EntryPoint\",\"urlTemplate\":\"https:\/\/fundgo.network\/en\/?s={search_term_string}\"},\"query-input\":{\"@type\":\"PropertyValueSpecification\",\"valueRequired\":true,\"valueName\":\"search_term_string\"}}],\"inLanguage\":\"en-US\"}]}<\/script>\n<!-- \/ Yoast SEO Premium plugin. -->","yoast_head_json":{"title":"Fund Forms and Documents | FUNDGO","description":"FUNDGO is cooperating and investing in many fields including finance, technology, education, and healthcare. Besides, the Fund also diversified and expanded into activities such as film, music, sports and jewelry.","robots":{"index":"index","follow":"follow","max-snippet":"max-snippet:-1","max-image-preview":"max-image-preview:large","max-video-preview":"max-video-preview:-1"},"canonical":"https:\/\/fundgo.network\/en\/forms-and-documents\/","og_locale":"en_US","og_type":"article","og_title":"Bi\u1ec3u m\u1eabu v\u00e0 t\u00e0i li\u1ec7u qu\u1ef9 | FUNDGO","og_description":"FUNDGO \u0111ang h\u1ee3p t\u00e1c v\u00e0 \u0111\u1ea7u t\u01b0 \u1edf r\u1ea5t nhi\u1ec1u l\u0129nh v\u1ef1c bao g\u1ed3m t\u00e0i ch\u00ednh, c\u00f4ng ngh\u1ec7, gi\u00e1o d\u1ee5c, y t\u1ebf. B\u00ean c\u1ea1nh \u0111\u00f3, Qu\u1ef9 c\u00f2n \u0111a d\u1ea1ng h\u00f3a v\u00e0 m\u1edf r\u1ed9ng quy m\u00f4 v\u00e0o c\u00e1c ho\u1ea1t \u0111\u1ed9ng nh\u01b0 \u0110i\u1ec7n \u1ea3nh, \u00e2m nh\u1ea1c, th\u1ec3 thao v\u00e0 trang s\u1ee9c.","og_url":"https:\/\/fundgo.network\/en\/forms-and-documents\/","og_site_name":"FUNDGO","article_modified_time":"2023-08-22T01:44:02+00:00","og_image":[{"width":800,"height":500,"url":"https:\/\/fundgo.network\/wp-content\/uploads\/2022\/11\/Bieu-mau-va-tai-lieu-Quy-2.jpg","type":"image\/jpeg"}],"twitter_card":"summary_large_image","twitter_title":"Bi\u1ec3u m\u1eabu v\u00e0 t\u00e0i li\u1ec7u qu\u1ef9 | FUNDGO","twitter_description":"FUNDGO \u0111ang h\u1ee3p t\u00e1c v\u00e0 \u0111\u1ea7u t\u01b0 \u1edf r\u1ea5t nhi\u1ec1u l\u0129nh v\u1ef1c bao g\u1ed3m t\u00e0i ch\u00ednh, c\u00f4ng ngh\u1ec7, gi\u00e1o d\u1ee5c, y t\u1ebf. B\u00ean c\u1ea1nh \u0111\u00f3, Qu\u1ef9 c\u00f2n \u0111a d\u1ea1ng h\u00f3a v\u00e0 m\u1edf r\u1ed9ng quy m\u00f4 v\u00e0o c\u00e1c ho\u1ea1t \u0111\u1ed9ng nh\u01b0 \u0110i\u1ec7n \u1ea3nh, \u00e2m nh\u1ea1c, th\u1ec3 thao v\u00e0 trang s\u1ee9c.","schema":{"@context":"https:\/\/schema.org","@graph":[{"@type":"WebPage","@id":"https:\/\/fundgo.network\/bieu-mau-va-tai-lieu-quy\/","url":"https:\/\/fundgo.network\/bieu-mau-va-tai-lieu-quy\/","name":"Fund Forms and Documents | FUNDGO","isPartOf":{"@id":"https:\/\/fundgo.network\/en\/#website"},"primaryImageOfPage":{"@id":"https:\/\/fundgo.network\/bieu-mau-va-tai-lieu-quy\/#primaryimage"},"image":{"@id":"https:\/\/fundgo.network\/bieu-mau-va-tai-lieu-quy\/#primaryimage"},"thumbnailUrl":"https:\/\/fundgo.network\/wp-content\/uploads\/2022\/11\/Bieu-mau-va-tai-lieu-Quy-2.jpg","datePublished":"2022-11-23T04:17:35+00:00","dateModified":"2023-08-22T01:44:02+00:00","description":"FUNDGO is cooperating and investing in many fields including finance, technology, education, and healthcare. Besides, the Fund also diversified and expanded into activities such as film, music, sports and jewelry.","breadcrumb":{"@id":"https:\/\/fundgo.network\/bieu-mau-va-tai-lieu-quy\/#breadcrumb"},"inLanguage":"en-US","potentialAction":[{"@type":"ReadAction","target":["https:\/\/fundgo.network\/bieu-mau-va-tai-lieu-quy\/"]}]},{"@type":"ImageObject","inLanguage":"en-US","@id":"https:\/\/fundgo.network\/bieu-mau-va-tai-lieu-quy\/#primaryimage","url":"https:\/\/fundgo.network\/wp-content\/uploads\/2022\/11\/Bieu-mau-va-tai-lieu-Quy-2.jpg","contentUrl":"https:\/\/fundgo.network\/wp-content\/uploads\/2022\/11\/Bieu-mau-va-tai-lieu-Quy-2.jpg","width":800,"height":500},{"@type":"BreadcrumbList","@id":"https:\/\/fundgo.network\/bieu-mau-va-tai-lieu-quy\/#breadcrumb","itemListElement":[{"@type":"ListItem","position":1,"name":"Home","item":"https:\/\/fundgo.network\/"},{"@type":"ListItem","position":2,"name":"Bi\u1ec3u m\u1eabu v\u00e0 t\u00e0i li\u1ec7u Qu\u1ef9"}]},{"@type":"WebSite","@id":"https:\/\/fundgo.network\/en\/#website","url":"https:\/\/fundgo.network\/en\/","name":"FUNDGO","description":"Creative Startup","potentialAction":[{"@type":"SearchAction","target":{"@type":"EntryPoint","urlTemplate":"https:\/\/fundgo.network\/en\/?s={search_term_string}"},"query-input":{"@type":"PropertyValueSpecification","valueRequired":true,"valueName":"search_term_string"}}],"inLanguage":"en-US"}]}},"_links":{"self":[{"href":"https:\/\/fundgo.network\/en\/wp-json\/wp\/v2\/pages\/128","targetHints":{"allow":["GET"]}}],"collection":[{"href":"https:\/\/fundgo.network\/en\/wp-json\/wp\/v2\/pages"}],"about":[{"href":"https:\/\/fundgo.network\/en\/wp-json\/wp\/v2\/types\/page"}],"author":[{"embeddable":true,"href":"https:\/\/fundgo.network\/en\/wp-json\/wp\/v2\/users\/1"}],"replies":[{"embeddable":true,"href":"https:\/\/fundgo.network\/en\/wp-json\/wp\/v2\/comments?post=128"}],"version-history":[{"count":0,"href":"https:\/\/fundgo.network\/en\/wp-json\/wp\/v2\/pages\/128\/revisions"}],"wp:featuredmedia":[{"embeddable":true,"href":"https:\/\/fundgo.network\/en\/wp-json\/wp\/v2\/media\/13020"}],"wp:attachment":[{"href":"https:\/\/fundgo.network\/en\/wp-json\/wp\/v2\/media?parent=128"}],"curies":[{"name":"wp","href":"https:\/\/api.w.org\/{rel}","templated":true}]}}